{"id":289,"date":"2014-08-21T20:54:41","date_gmt":"2014-08-21T20:54:41","guid":{"rendered":"http:\/\/asmact.ch\/?page_id=289"},"modified":"2014-10-19T15:15:43","modified_gmt":"2014-10-19T15:15:43","slug":"progetto-tempo-parziale","status":"publish","type":"page","link":"https:\/\/asmact.ch\/?page_id=289","title":{"rendered":"Progetto Tempo Parziale"},"content":{"rendered":"<p><strong>Perch\u00e9 un progetto cos\u00ec? Le risposte sono molteplici.<img loading=\"lazy\" decoding=\"async\" class=\"alignright wp-image-294\" src=\"http:\/\/asmact.ch\/wp-content\/uploads\/2014\/08\/temps-partiel.jpg\" alt=\"Progetto Tempo Parziale\" width=\"151\" height=\"138\" srcset=\"https:\/\/asmact.ch\/wp-content\/uploads\/2014\/08\/temps-partiel.jpg 363w, https:\/\/asmact.ch\/wp-content\/uploads\/2014\/08\/temps-partiel-300x273.jpg 300w\" sizes=\"auto, (max-width: 151px) 100vw, 151px\" \/><\/strong><\/p>\n<p>La popolazione invecchia sempre di pi\u00f9 e la necessit\u00e0\u00a0di prestazioni sanitarie \u00e8 in costante aumento. Di conseguenza\u00a0aumenta anche la richiesta di giovani medici. Essi richiedono condizioni lavorative\u00a0sempre pi\u00f9 a misura di famiglia e desiderano maggiormente\u00a0lavorare a tempo parziale.<\/p>\n<p>Inoltre la medicina diventa sempre pi\u00f9 &#8220;femminile&#8221;. La\u00a0percentuale di donne medico \u00e8 in costante aumento.\u00a0I valori sociali stanno mutando. Cambiano i modelli di\u00a0ruoli all&#8217;interno della famiglia e della coppia. Diventa\u00a0sempre pi\u00f9 importante conciliare famiglia, tempo libero\u00a0e professione.<\/p>\n<p>Oggi ci permettiamo ancora un grande spreco di giovani\u00a0medici. Il 16,5% delle donne medico e dei\u00a0medici che hanno conseguito un Diploma federale\u00a0di medico tra il 1985 e il 2000 non hanno ottenuto\u00a0alcun titolo di specializzazione fino al 2011 (si tratta\u00a0del 13,6% di uomini e addirittura del 20,7% di\u00a0donne). Troppi di loro si sono appena introdotti nel\u00a0mondo del lavoro. Attualmente negli ospedali viene\u00a0impiegato per la maggior parte\u00a0personale straniero. In ambito\u00a0stazionario, oggi un terzo dei\u00a0medici ha un diploma<br \/>\nestero. In questo modo,\u00a0oltre a favorire una fuga di\u00a0cervelli discutibile dal punto di\u00a0vista etico, ci mettiamo anche\u00a0in una difficile posizione di\u00a0dipendenza dall&#8217;estero.<\/p>\n<p>Non c\u2019\u00e8 dunque da meravigliarsi che i giovani medici\u00a0scarseggino e che per gli ospedali diventi sempre pi\u00f9\u00a0difficile occupare tutte le posizioni aperte. Al contempo aumenta anche la pressione economica\u00a0sui fornitori di prestazioni in ambito sanitario. Il risultato\u00a0\u00e8 un ambito conflittuale generato da pressione\u00a0sull&#8217;efficienza, competitivit\u00e0 qualitativa e soddisfazione\u00a0del paziente, in cui per gli ospedali diventa sempre\u00a0pi\u00f9 importante reperire e fidelizzare personale qualificato\u00a0e motivato.<\/p>\n<p><em>L\u2019assistenza medica dei pazienti deve essere garantita\u00a0continuamente nell&#8217;arco delle 24 ore. Le consegne\u00a0lavorative e le documentazioni necessarie riducono il\u00a0margine d\u2019azione ai cambi di turno. Ciononostante,\u00a0oggi non si pu\u00f2 pi\u00f9 ignorare la richiesta di regolamentazioni\u00a0a misura di famiglia. Un numero sempre maggiore\u00a0di esempi pratici mostrano che la realizzazione\u00a0dei modelli a tempo parziale \u00e8 possibile.<\/em><\/p>\n<p><a href=\"http:\/\/asmact.ch\/wp-content\/uploads\/2014\/05\/famiglia-e-ospedale.pdf\">Brochure PDF<\/a>\u00a0Ecco un opuscolo informativo che parla dei\u00a0PROVVEDIMENTI A MISURA DI FAMIGLIA NEGLI OSPEDALI.<\/p>\n<p><a title=\"Articolo appartso su Ticinonline il 21.8.14\" href=\"http:\/\/www.tio.ch\/News\/Svizzera\/805930\/3-000-dottoresse-a-casa-l-assurdita-del-sistema-sanitario-svizzero\/\" target=\"_blank\">Articolo apparso su Ticinonline il 21.8.2014<\/a><\/p>\n","protected":false},"excerpt":{"rendered":"<p>Perch\u00e9 un progetto cos\u00ec? Le risposte sono molteplici. La popolazione invecchia sempre di pi\u00f9 e la necessit\u00e0\u00a0di prestazioni sanitarie \u00e8 in costante aumento. Di conseguenza\u00a0aumenta anche la richiesta di giovani medici. Essi richiedono condizioni lavorative\u00a0sempre pi\u00f9 a misura di famiglia &hellip;<\/p>\n<p class=\"read-more\"> <a class=\"more-link\" href=\"https:\/\/asmact.ch\/?page_id=289\"> <span class=\"screen-reader-text\">Progetto Tempo Parziale<\/span> Leggi tutto &raquo;<\/a><\/p>\n","protected":false},"author":1,"featured_media":294,"parent":286,"menu_order":0,"comment_status":"open","ping_status":"closed","template":"","meta":{"footnotes":""},"class_list":["post-289","page","type-page","status-publish","has-post-thumbnail","hentry"],"_links":{"self":[{"href":"https:\/\/asmact.ch\/index.php?rest_route=\/wp\/v2\/pages\/289","targetHints":{"allow":["GET"]}}],"collection":[{"href":"https:\/\/asmact.ch\/index.php?rest_route=\/wp\/v2\/pages"}],"about":[{"href":"https:\/\/asmact.ch\/index.php?rest_route=\/wp\/v2\/types\/page"}],"author":[{"embeddable":true,"href":"https:\/\/asmact.ch\/index.php?rest_route=\/wp\/v2\/users\/1"}],"replies":[{"embeddable":true,"href":"https:\/\/asmact.ch\/index.php?rest_route=%2Fwp%2Fv2%2Fcomments&post=289"}],"version-history":[{"count":3,"href":"https:\/\/asmact.ch\/index.php?rest_route=\/wp\/v2\/pages\/289\/revisions"}],"predecessor-version":[{"id":295,"href":"https:\/\/asmact.ch\/index.php?rest_route=\/wp\/v2\/pages\/289\/revisions\/295"}],"up":[{"embeddable":true,"href":"https:\/\/asmact.ch\/index.php?rest_route=\/wp\/v2\/pages\/286"}],"wp:featuredmedia":[{"embeddable":true,"href":"https:\/\/asmact.ch\/index.php?rest_route=\/wp\/v2\/media\/294"}],"wp:attachment":[{"href":"https:\/\/asmact.ch\/index.php?rest_route=%2Fwp%2Fv2%2Fmedia&parent=289"}],"curies":[{"name":"wp","href":"https:\/\/api.w.org\/{rel}","templated":true}]}}