{"id":465,"date":"2015-08-17T05:48:18","date_gmt":"2015-08-17T05:48:18","guid":{"rendered":"http:\/\/asmact.ch\/?page_id=465"},"modified":"2019-11-15T18:07:08","modified_gmt":"2019-11-15T18:07:08","slug":"progetto-burnout","status":"publish","type":"page","link":"https:\/\/asmact.ch\/?page_id=465","title":{"rendered":"Progetto Burnout"},"content":{"rendered":"<p>Stress sul lavoro, dipendenza o burn-out: le crisi colpiscono anche i medici. La rete di sostegno ReMed sa che cosa si debba fare in queste situazioni. A ogni presa di contatto, risponde un&#8217;\u00e8quipe di consulenti esperti e indica le possibilit\u00e0 di azione individuali \u2013 in modo che i diretti interessati possano concentrasi di nuovo rapidamente sul loro lavoro di medico.<\/p>\n<p><a href=\"https:\/\/www.swiss-remed.ch\">https:\/\/www.swiss-remed.ch<\/a><\/p>\n<p>La salute dei medici \u00e8 una questione che sta particolarmente a cuore della FMH. Per questo motivo con ReMed ha lanciato una rete di sostegno che si concentra su questo argomento. L\u2019obiettivo \u00e8 garantire alla popolazione con medici sani e in forma un\u2019assistenza medica di qualit\u00e0 e sicura.<\/p>\n<p>Chi si rivolge a ReMed gode degli stessi diritti di un paziente \u2013 non avviene niente senza l&#8217;accordo di chi chiede consiglio, tutto quello di cui si parla rimane confidenziale. Poich\u00e9 ReMed \u00e8 tenuta al segreto professionale medico, la FMH non pu\u00f2 accedere in nessun momento al dossier sulla persona e ai dati sull&#8217;assistenza: tutte le prese di contatto passano direttamente tramite la rete di sostegno.<\/p>\n<p>La via d&#8217;uscita dalla crisi<\/p>\n<ul>\n<li>Disponibile 24 ore su 24<\/li>\n<li>Feedback entro 72 ore<\/li>\n<li>Colloqui tra pari da medico a medico<\/li>\n<li>Al centro la persona che chiede la consulenza<\/li>\n<li>Vincolati al segreto professionale<\/li>\n<li>Elaborazione comune delle possibilit\u00e0 di azione<\/li>\n<li>Contatti con professionisti specializzati<\/li>\n<li>Sostegno anche prima della crisi<\/li>\n<\/ul>\n<p>Links sul tema burnout:<\/p>\n<p><blockquote class=\"wp-embedded-content\" data-secret=\"NFLWmleEih\"><a href=\"https:\/\/nursetimes.org\/stress-e-burnout-in-aumento-inaugurata-clinica-per-la-presa-in-carico-psichiatrica-degli-operatori-della-salute\/64859\">Stress e burnout in aumento: inaugurata clinica per la presa in carico psichiatrica degli operatori della salute<\/a><\/blockquote><iframe loading=\"lazy\" class=\"wp-embedded-content\" sandbox=\"allow-scripts\" security=\"restricted\" style=\"position: absolute; clip: rect(1px, 1px, 1px, 1px);\" title=\"&#8220;Stress e burnout in aumento: inaugurata clinica per la presa in carico psichiatrica degli operatori della salute&#8221; &#8212; Nurse Times\" src=\"https:\/\/nursetimes.org\/stress-e-burnout-in-aumento-inaugurata-clinica-per-la-presa-in-carico-psichiatrica-degli-operatori-della-salute\/64859\/embed#?secret=hjju8m83Je#?secret=NFLWmleEih\" data-secret=\"NFLWmleEih\" width=\"600\" height=\"338\" frameborder=\"0\" marginwidth=\"0\" marginheight=\"0\" scrolling=\"no\"><\/iframe><\/p>\n<p><a href=\"https:\/\/www.vd.ch\/lettre_information\/gazette\/289\/#6565\">https:\/\/www.vd.ch\/lettre_information\/gazette\/289\/#6565<\/a><\/p>\n<p><a href=\"https:\/\/www.vsao-journal.ch\/de\/burnout-mit-kritischen-aussichten.html\">https:\/\/www.vsao-journal.ch\/de\/burnout-mit-kritischen-aussichten.html<\/a><\/p>\n<p><a href=\"http:\/\/www.mindtools.com\/pages\/article\/newTCS_08.htm\">http:\/\/www.mindtools.com\/pages\/article\/newTCS_08.htm<\/a><\/p>\n<p><a href=\"http:\/\/www.rts.ch\/info\/sciences-tech\/7015107-travailler-55-heures-par-semaine-augmente-d-un-tiers-le-risque-d-avc.html\">http:\/\/www.rts.ch\/info\/sciences-tech\/7015107-travailler-55-heures-par-semaine-augmente-d-un-tiers-le-risque-d-avc.html<\/a><\/p>\n<p><a href=\"http:\/\/www.hilfe-bei-burnout.de\/\">http:\/\/www.hilfe-bei-burnout.de\/<\/a><\/p>\n<p><a href=\"http:\/\/www.rts.ch\/la-1ere\/programmes\/quinze-minutes\/7038201-medecins-trop-stresses-pour-soigner-05-09-2015.html\">http:\/\/www.rts.ch\/la-1ere\/programmes\/quinze-minutes\/7038201-medecins-trop-stresses-pour-soigner-05-09-2015.html<\/a><\/p>\n\n\n<p><a href=\"https:\/\/www.letemps.ch\/suisse\/un-medecin-dix-jette-leponge\">https:\/\/www.letemps.ch\/suisse\/un-medecin-dix-jette-leponge<\/a><\/p>\n","protected":false},"excerpt":{"rendered":"<p>Stress sul lavoro, dipendenza o burn-out: le crisi colpiscono anche i medici. La rete di sostegno ReMed sa che cosa si debba fare in queste situazioni. A ogni presa di contatto, risponde un&#8217;\u00e8quipe di consulenti esperti e indica le possibilit\u00e0 &hellip;<\/p>\n<p class=\"read-more\"> <a class=\"more-link\" href=\"https:\/\/asmact.ch\/?page_id=465\"> <span class=\"screen-reader-text\">Progetto Burnout<\/span> Leggi tutto &raquo;<\/a><\/p>\n","protected":false},"author":5,"featured_media":0,"parent":286,"menu_order":0,"comment_status":"closed","ping_status":"closed","template":"","meta":{"footnotes":""},"class_list":["post-465","page","type-page","status-publish","hentry"],"_links":{"self":[{"href":"https:\/\/asmact.ch\/index.php?rest_route=\/wp\/v2\/pages\/465","targetHints":{"allow":["GET"]}}],"collection":[{"href":"https:\/\/asmact.ch\/index.php?rest_route=\/wp\/v2\/pages"}],"about":[{"href":"https:\/\/asmact.ch\/index.php?rest_route=\/wp\/v2\/types\/page"}],"author":[{"embeddable":true,"href":"https:\/\/asmact.ch\/index.php?rest_route=\/wp\/v2\/users\/5"}],"replies":[{"embeddable":true,"href":"https:\/\/asmact.ch\/index.php?rest_route=%2Fwp%2Fv2%2Fcomments&post=465"}],"version-history":[{"count":8,"href":"https:\/\/asmact.ch\/index.php?rest_route=\/wp\/v2\/pages\/465\/revisions"}],"predecessor-version":[{"id":1133,"href":"https:\/\/asmact.ch\/index.php?rest_route=\/wp\/v2\/pages\/465\/revisions\/1133"}],"up":[{"embeddable":true,"href":"https:\/\/asmact.ch\/index.php?rest_route=\/wp\/v2\/pages\/286"}],"wp:attachment":[{"href":"https:\/\/asmact.ch\/index.php?rest_route=%2Fwp%2Fv2%2Fmedia&parent=465"}],"curies":[{"name":"wp","href":"https:\/\/api.w.org\/{rel}","templated":true}]}}