{"id":55,"date":"2014-03-22T13:03:10","date_gmt":"2014-03-22T13:03:10","guid":{"rendered":"http:\/\/asmact.ch\/?page_id=55"},"modified":"2014-03-22T15:05:23","modified_gmt":"2014-03-22T15:05:23","slug":"etica","status":"publish","type":"page","link":"https:\/\/asmact.ch\/?page_id=55","title":{"rendered":"Etica"},"content":{"rendered":"<p>Etica<\/p>\n<p>&nbsp;<\/p>\n<p>Ogni medico ospedaliero si trova in una situazione di dilemma tra ci\u00f2 che \u00e9 tecnicamente possibile e ci\u00f2 che \u00e9 eticamente giustificato. La pressione esercitata dal progresso tecnologico aumenta la necessit\u00e0 di praticare una medicina che ricorra ad apparecchiature. Il rispetto dei principi etici ne costituisce la contropartita.<\/p>\n<p>&nbsp;<\/p>\n<p>Il benessere dei\/delle pazienti rappresenta la direttiva suprema di tutto l&#8217;agire medico. L&#8217;ASMACT si impegna a far conoscere le direttive etiche.<\/p>\n","protected":false},"excerpt":{"rendered":"<p>Etica &nbsp; Ogni medico ospedaliero si trova in una situazione di dilemma tra ci\u00f2 che \u00e9 tecnicamente possibile e ci\u00f2 che \u00e9 eticamente giustificato. La pressione esercitata dal progresso tecnologico aumenta la necessit\u00e0 di praticare una medicina che ricorra ad &hellip;<\/p>\n<p class=\"read-more\"> <a class=\"more-link\" href=\"https:\/\/asmact.ch\/?page_id=55\"> <span class=\"screen-reader-text\">Etica<\/span> Leggi tutto &raquo;<\/a><\/p>\n","protected":false},"author":1,"featured_media":0,"parent":43,"menu_order":0,"comment_status":"closed","ping_status":"closed","template":"","meta":{"footnotes":""},"class_list":["post-55","page","type-page","status-publish","hentry"],"_links":{"self":[{"href":"https:\/\/asmact.ch\/index.php?rest_route=\/wp\/v2\/pages\/55","targetHints":{"allow":["GET"]}}],"collection":[{"href":"https:\/\/asmact.ch\/index.php?rest_route=\/wp\/v2\/pages"}],"about":[{"href":"https:\/\/asmact.ch\/index.php?rest_route=\/wp\/v2\/types\/page"}],"author":[{"embeddable":true,"href":"https:\/\/asmact.ch\/index.php?rest_route=\/wp\/v2\/users\/1"}],"replies":[{"embeddable":true,"href":"https:\/\/asmact.ch\/index.php?rest_route=%2Fwp%2Fv2%2Fcomments&post=55"}],"version-history":[{"count":1,"href":"https:\/\/asmact.ch\/index.php?rest_route=\/wp\/v2\/pages\/55\/revisions"}],"predecessor-version":[{"id":57,"href":"https:\/\/asmact.ch\/index.php?rest_route=\/wp\/v2\/pages\/55\/revisions\/57"}],"up":[{"embeddable":true,"href":"https:\/\/asmact.ch\/index.php?rest_route=\/wp\/v2\/pages\/43"}],"wp:attachment":[{"href":"https:\/\/asmact.ch\/index.php?rest_route=%2Fwp%2Fv2%2Fmedia&parent=55"}],"curies":[{"name":"wp","href":"https:\/\/api.w.org\/{rel}","templated":true}]}}